{"id":72,"date":"2021-08-19T16:01:00","date_gmt":"2021-08-19T14:01:00","guid":{"rendered":"http:\/\/somatopathie56.com\/?page_id=72"},"modified":"2023-05-15T15:47:54","modified_gmt":"2023-05-15T13:47:54","slug":"tarifs","status":"publish","type":"page","link":"https:\/\/somatopathie56.com\/index.php\/tarifs\/","title":{"rendered":"Tarifs"},"content":{"rendered":"\t\t<div data-elementor-type=\"wp-page\" data-elementor-id=\"72\" class=\"elementor elementor-72\" data-elementor-settings=\"[]\">\n\t\t\t\t\t\t\t<div class=\"elementor-section-wrap\">\n\t\t\t\t\t\t\t<section class=\"elementor-section elementor-top-section elementor-element elementor-element-763b29b elementor-section-boxed elementor-section-height-default elementor-section-height-default\" data-id=\"763b29b\" data-element_type=\"section\">\n\t\t\t\t\t\t<div class=\"elementor-container elementor-column-gap-default\">\n\t\t\t\t\t<div class=\"elementor-column elementor-col-100 elementor-top-column elementor-element elementor-element-8c6f8fe\" data-id=\"8c6f8fe\" data-element_type=\"column\">\n\t\t\t<div class=\"elementor-widget-wrap elementor-element-populated\">\n\t\t\t\t\t\t\t\t<div class=\"elementor-element elementor-element-39333bc elementor-widget elementor-widget-text-editor\" data-id=\"39333bc\" data-element_type=\"widget\" data-widget_type=\"text-editor.default\">\n\t\t\t\t<div class=\"elementor-widget-container\">\n\t\t\t\t\t\t\t<p><\/p>\n<div>\n<h6>Je demande 60\u20ac pour une s\u00e9ance classique et 80\u20ac pour une s\u00e9ance &#8220;Parents \/ B\u00e9b\u00e9&#8221;.<\/h6>\n<h6>Moyens de paiement accept\u00e9s : ch\u00e8que et esp\u00e8ces.<\/h6>\n<\/div>\n<div>\n<h6>La Somatopathie n&#8217;est pas prise en charge par la S\u00e9curit\u00e9 Sociale. Cependant, il pourra vous \u00eatre remis une facture, \u00e0 envoyer \u00e0 votre mutuelle, pour que vous puissiez \u00e9ventuellement \u00eatre rembours\u00e9 totalement ou partiellement selon vos garanties.<\/h6>\n<\/div>\n<h6>Pour information, Unimutuelles prend en charge pr\u00e9cis\u00e9ment la Somatopathie mais d\u2019autres proposent un forfait \u00ab m\u00e9decines douces \u00bb ou autre, dans lequel la Somatopathie ou la M\u00e9thode POYET s&#8217;inscrit parfaitement.<\/h6>\n<p><\/p>\n<div>&nbsp;<\/div>\t\t\t\t\t\t<\/div>\n\t\t\t\t<\/div>\n\t\t\t\t\t<\/div>\n\t\t<\/div>\n\t\t\t\t\t\t\t<\/div>\n\t\t<\/section>\n\t\t\t\t\t\t<\/div>\n\t\t\t\t\t<\/div>\n\t\t","protected":false},"excerpt":{"rendered":"<p>Je demande 60\u20ac pour une s\u00e9ance classique et 80\u20ac pour une s\u00e9ance &#8220;Parents \/ B\u00e9b\u00e9&#8221;. Moyens de paiement accept\u00e9s : ch\u00e8que et esp\u00e8ces. La Somatopathie n&#8217;est pas prise en charge par la S\u00e9curit\u00e9 Sociale. Cependant, il pourra vous \u00eatre remis une facture, \u00e0 envoyer \u00e0 votre mutuelle, pour que vous puissiez \u00e9ventuellement \u00eatre rembours\u00e9 totalement <a class=\"read-more\" href=\"https:\/\/somatopathie56.com\/index.php\/tarifs\/\">READ MORE<\/a><\/p>\n","protected":false},"author":1,"featured_media":0,"parent":0,"menu_order":6,"comment_status":"closed","ping_status":"closed","template":"","meta":[],"_links":{"self":[{"href":"https:\/\/somatopathie56.com\/index.php\/wp-json\/wp\/v2\/pages\/72"}],"collection":[{"href":"https:\/\/somatopathie56.com\/index.php\/wp-json\/wp\/v2\/pages"}],"about":[{"href":"https:\/\/somatopathie56.com\/index.php\/wp-json\/wp\/v2\/types\/page"}],"author":[{"embeddable":true,"href":"https:\/\/somatopathie56.com\/index.php\/wp-json\/wp\/v2\/users\/1"}],"replies":[{"embeddable":true,"href":"https:\/\/somatopathie56.com\/index.php\/wp-json\/wp\/v2\/comments?post=72"}],"version-history":[{"count":55,"href":"https:\/\/somatopathie56.com\/index.php\/wp-json\/wp\/v2\/pages\/72\/revisions"}],"predecessor-version":[{"id":495,"href":"https:\/\/somatopathie56.com\/index.php\/wp-json\/wp\/v2\/pages\/72\/revisions\/495"}],"wp:attachment":[{"href":"https:\/\/somatopathie56.com\/index.php\/wp-json\/wp\/v2\/media?parent=72"}],"curies":[{"name":"wp","href":"https:\/\/api.w.org\/{rel}","templated":true}]}}