{"id":2,"date":"2021-08-18T17:36:34","date_gmt":"2021-08-18T15:36:34","guid":{"rendered":"http:\/\/somatopathie56.com\/?page_id=2"},"modified":"2023-03-16T12:51:39","modified_gmt":"2023-03-16T11:51:39","slug":"page-d-exemple","status":"publish","type":"page","link":"https:\/\/somatopathie56.com\/","title":{"rendered":"Accueil"},"content":{"rendered":"\t\t<div data-elementor-type=\"wp-page\" data-elementor-id=\"2\" class=\"elementor elementor-2\" data-elementor-settings=\"[]\">\n\t\t\t\t\t\t\t<div class=\"elementor-section-wrap\">\n\t\t\t\t\t\t\t<section class=\"elementor-section elementor-top-section elementor-element elementor-element-647096a elementor-section-boxed elementor-section-height-default elementor-section-height-default\" data-id=\"647096a\" data-element_type=\"section\">\n\t\t\t\t\t\t<div class=\"elementor-container elementor-column-gap-default\">\n\t\t\t\t\t<div class=\"elementor-column elementor-col-100 elementor-top-column elementor-element elementor-element-11e80b2\" data-id=\"11e80b2\" data-element_type=\"column\">\n\t\t\t<div class=\"elementor-widget-wrap elementor-element-populated\">\n\t\t\t\t\t\t\t\t<div class=\"elementor-element elementor-element-86ab79e elementor-widget elementor-widget-heading\" data-id=\"86ab79e\" data-element_type=\"widget\" data-widget_type=\"heading.default\">\n\t\t\t\t<div class=\"elementor-widget-container\">\n\t\t\t<h6 class=\"elementor-heading-title elementor-size-default\"><div>\n\t<div><h4>Au sein de mon Cabinet de Th\u00e9rapie Manuelle \u00e0 Plouharnel, je r\u00e9ponds \u00e0 vos probl\u00e9matiques corporelles et psycho-\u00e9motionelles \u00e0 travers deux m\u00e9thodes compl\u00e9mentaires :<\/h4><div><br><\/div><h1>Ost\u00e9opathie M\u00e9thode Poyet<\/h1><div><h6 data-elementor-setting-key=\"title\" style=\"\" data-pen-placeholder=\"\u00c9crivez ici...\" contenteditable=\"true\"><p>Praticien en Ost\u00e9opathie M\u00e9thode Poyet, je r\u00e9ponds \u00e0 vos motifs de consultation diverses (perte de souplesse li\u00e9e au vieillissement, douleurs musculaires et d\u00e9chirures ligamentaires, douleurs cervicales, dorsales, lombaires..., douleurs digestives, maux de t\u00eate (migraines, vertiges), d\u00e9pression, douleurs d'origines nerveuses, etc.) \u00e0 travers une pratique douce et \u00e9nerg\u00e9tique.  <\/p><\/h6><\/div><br><h1>Somatopathie M\u00e9thode Vernet<\/h1><p>La Somatopathie est une Th\u00e9rapie Manuelle non-manipulative. Issue de l'Ost\u00e9opathie Cr\u00e2nienne et de l'Ost\u00e9opathie M\u00e9thode Poyet, cette m\u00e9thode informationnelle est fond\u00e9e sur la psycho-somatique. En tant que Somatopathe, je d\u00e9crypte les causes psycho-\u00e9motionnelles \u00e0 l'origine de vos souffrances et corrige leurs cons\u00e9quences sur votre corps. C'est une m\u00e9thode douce, je ne pratique pas de manipulations : ni thrust vert\u00e9bral, ni cracking articulaire. <\/p><\/div><\/div><\/h6>\t\t<\/div>\n\t\t\t\t<\/div>\n\t\t\t\t\t<\/div>\n\t\t<\/div>\n\t\t\t\t\t\t\t<\/div>\n\t\t<\/section>\n\t\t\t\t<section class=\"elementor-section elementor-top-section elementor-element elementor-element-1d2fe32 elementor-section-boxed elementor-section-height-default elementor-section-height-default\" data-id=\"1d2fe32\" data-element_type=\"section\">\n\t\t\t\t\t\t<div class=\"elementor-container elementor-column-gap-default\">\n\t\t\t\t\t<div class=\"elementor-column elementor-col-100 elementor-top-column elementor-element elementor-element-a46d471\" data-id=\"a46d471\" data-element_type=\"column\">\n\t\t\t<div class=\"elementor-widget-wrap elementor-element-populated\">\n\t\t\t\t\t\t\t\t<section class=\"elementor-section elementor-inner-section elementor-element elementor-element-fd16b5f elementor-section-boxed elementor-section-height-default elementor-section-height-default\" data-id=\"fd16b5f\" data-element_type=\"section\">\n\t\t\t\t\t\t<div class=\"elementor-container elementor-column-gap-default\">\n\t\t\t\t\t<div class=\"elementor-column elementor-col-50 elementor-inner-column elementor-element elementor-element-e571713\" data-id=\"e571713\" data-element_type=\"column\">\n\t\t\t<div class=\"elementor-widget-wrap elementor-element-populated\">\n\t\t\t\t\t\t\t\t<div class=\"elementor-element elementor-element-150928c elementor-widget elementor-widget-image\" data-id=\"150928c\" data-element_type=\"widget\" data-widget_type=\"image.default\">\n\t\t\t\t<div class=\"elementor-widget-container\">\n\t\t\t\t\t\t\t\t\t\t\t\t\t\t\t<img width=\"320\" height=\"240\" src=\"https:\/\/somatopathie56.com\/wp-content\/uploads\/2021\/12\/Nicolas-Briant-Somatopathe-Plouharnel-Auray-Morbihan-Bretagne.jpeg\" class=\"attachment-2048x2048 size-2048x2048\" alt=\"\" loading=\"lazy\" srcset=\"https:\/\/somatopathie56.com\/wp-content\/uploads\/2021\/12\/Nicolas-Briant-Somatopathe-Plouharnel-Auray-Morbihan-Bretagne.jpeg 320w, https:\/\/somatopathie56.com\/wp-content\/uploads\/2021\/12\/Nicolas-Briant-Somatopathe-Plouharnel-Auray-Morbihan-Bretagne-300x225.jpeg 300w\" sizes=\"(max-width: 320px) 100vw, 320px\" \/>\t\t\t\t\t\t\t\t\t\t\t\t\t\t\t<\/div>\n\t\t\t\t<\/div>\n\t\t\t\t\t<\/div>\n\t\t<\/div>\n\t\t\t\t<div class=\"elementor-column elementor-col-50 elementor-inner-column elementor-element elementor-element-ef10e27\" data-id=\"ef10e27\" data-element_type=\"column\">\n\t\t\t<div class=\"elementor-widget-wrap elementor-element-populated\">\n\t\t\t\t\t\t\t\t<div class=\"elementor-element elementor-element-94c37b2 elementor-widget elementor-widget-image\" data-id=\"94c37b2\" data-element_type=\"widget\" data-widget_type=\"image.default\">\n\t\t\t\t<div class=\"elementor-widget-container\">\n\t\t\t\t\t\t\t\t\t\t\t\t\t\t\t<img width=\"320\" height=\"240\" src=\"https:\/\/somatopathie56.com\/wp-content\/uploads\/2021\/12\/Somatopathie-Plouharnel-Auray-Morbihan-Bretagne.jpeg\" class=\"attachment-2048x2048 size-2048x2048\" alt=\"\" loading=\"lazy\" srcset=\"https:\/\/somatopathie56.com\/wp-content\/uploads\/2021\/12\/Somatopathie-Plouharnel-Auray-Morbihan-Bretagne.jpeg 320w, https:\/\/somatopathie56.com\/wp-content\/uploads\/2021\/12\/Somatopathie-Plouharnel-Auray-Morbihan-Bretagne-300x225.jpeg 300w\" sizes=\"(max-width: 320px) 100vw, 320px\" \/>\t\t\t\t\t\t\t\t\t\t\t\t\t\t\t<\/div>\n\t\t\t\t<\/div>\n\t\t\t\t\t<\/div>\n\t\t<\/div>\n\t\t\t\t\t\t\t<\/div>\n\t\t<\/section>\n\t\t\t\t\t<\/div>\n\t\t<\/div>\n\t\t\t\t\t\t\t<\/div>\n\t\t<\/section>\n\t\t\t\t<section class=\"elementor-section elementor-top-section elementor-element elementor-element-d8c3af1 elementor-section-boxed elementor-section-height-default elementor-section-height-default\" data-id=\"d8c3af1\" data-element_type=\"section\">\n\t\t\t\t\t\t<div class=\"elementor-container elementor-column-gap-default\">\n\t\t\t\t\t<div class=\"elementor-column elementor-col-100 elementor-top-column elementor-element elementor-element-02fdad5\" data-id=\"02fdad5\" data-element_type=\"column\">\n\t\t\t<div class=\"elementor-widget-wrap elementor-element-populated\">\n\t\t\t\t\t\t\t\t<div class=\"elementor-element elementor-element-8fb5f44 elementor-widget elementor-widget-heading\" data-id=\"8fb5f44\" data-element_type=\"widget\" data-widget_type=\"heading.default\">\n\t\t\t\t<div class=\"elementor-widget-container\">\n\t\t\t<h1 class=\"elementor-heading-title elementor-size-default\">Prendre rendez-vous<\/h1>\t\t<\/div>\n\t\t\t\t<\/div>\n\t\t\t\t\t<\/div>\n\t\t<\/div>\n\t\t\t\t\t\t\t<\/div>\n\t\t<\/section>\n\t\t\t\t<section class=\"elementor-section elementor-top-section elementor-element elementor-element-3877690 elementor-section-boxed elementor-section-height-default elementor-section-height-default\" data-id=\"3877690\" data-element_type=\"section\">\n\t\t\t\t\t\t<div class=\"elementor-container elementor-column-gap-default\">\n\t\t\t\t\t<div class=\"elementor-column elementor-col-100 elementor-top-column elementor-element elementor-element-0c3ad37\" data-id=\"0c3ad37\" data-element_type=\"column\">\n\t\t\t<div class=\"elementor-widget-wrap elementor-element-populated\">\n\t\t\t\t\t\t\t\t<section class=\"elementor-section elementor-inner-section elementor-element elementor-element-e46aec0 elementor-section-boxed elementor-section-height-default elementor-section-height-default\" data-id=\"e46aec0\" data-element_type=\"section\">\n\t\t\t\t\t\t<div class=\"elementor-container elementor-column-gap-default\">\n\t\t\t\t\t<div class=\"elementor-column elementor-col-100 elementor-inner-column elementor-element elementor-element-bcfb68a\" data-id=\"bcfb68a\" data-element_type=\"column\">\n\t\t\t<div class=\"elementor-widget-wrap elementor-element-populated\">\n\t\t\t\t\t\t\t\t<div class=\"elementor-element elementor-element-2766e53 elementor-widget elementor-widget-text-editor\" data-id=\"2766e53\" data-element_type=\"widget\" data-widget_type=\"text-editor.default\">\n\t\t\t\t<div class=\"elementor-widget-container\">\n\t\t\t\t\t\t\t<h4>Je vous accueille sur deux sites, les s\u00e9ances se d\u00e9roulent de 9h \u00e0 20h :<\/h4><div>\u00a0<\/div><h4><b>Lundi et jeudi :<br \/><\/b><\/h4><h4>Cabinet de Th\u00e9rapie Manuelle<\/h4><h4>Adresse du Cabinet : 12, rue de Brahen, 56340 Plouharnel<\/h4><div>\u00a0<\/div><h4><b>Mardi et mercredi :<br \/><\/b><\/h4><h4>AR RUSKENN, Centre de sant\u00e9 Int\u00e9grative<\/h4><h4>Adresse du Centre : ZA du Bisconte, 56680 Plouhinec <b><br \/><\/b><\/h4><h4>Mes deux cabinets sont proches de Lorient et de Auray dans le Morbihan.<\/h4><div>\u00a0<\/div><h4><b>Contact : 06 09 94 32 66<\/b><\/h4><div>\u00a0<\/div><p>\u00a0<\/p><div><div><h6><b>Important : la Somatopathie est une technique qui ne se substitue pas \u00e0 un traitement m\u00e9dical, ne pr\u00e9scrit pas, ne diagnostique pas. <\/b><\/h6><\/div><div>\u00a0<\/div><div>____________________________________________________________________________________<\/div><div>\u00a0<\/div><div>\u00a0<\/div><div>\u00a0<\/div><div><header><h1>Deux pratiques compl\u00e9mentaires<\/h1><\/header><div><div data-elementor-type=\"wp-page\" data-elementor-id=\"106\" data-elementor-settings=\"[]\"><div><section data-id=\"1e02daf\" data-element_type=\"section\"><div><div data-id=\"274aad7\" data-element_type=\"column\"><div><section data-id=\"8e03c04\" data-element_type=\"section\"><div><div data-id=\"a12161d\" data-element_type=\"column\"><div><div data-id=\"fe80fdc\" data-element_type=\"widget\" data-widget_type=\"image.default\"><div><img loading=\"lazy\" src=\"http:\/\/somatopathie56.com\/wp-content\/uploads\/2021\/09\/wellness-1989869_1920-1024x683.jpg\" alt=\"\" width=\"206\" height=\"137\" \/><\/div><\/div><div data-id=\"41f8962\" data-element_type=\"widget\" data-widget_type=\"text-editor.default\"><div><h4>\u00a0<\/h4><h4 style=\"text-align: left;\"><strong>L&#8217;Ost\u00e9opathie<\/strong><\/h4><div style=\"visibility: visible; animation-name: fadeInLeft;\"><h6 style=\"text-align: left;\">La M\u00e9thode M.R. POYET est issue de l\u2019Ost\u00e9opathie. Cette th\u00e9rapie manuelle globale prend en compte le corps comme un tout dont chaque \u00e9l\u00e9ment est intiment li\u00e9 et d\u00e9pendant des autres.<\/h6><h6 style=\"text-align: left;\">Cette pratique vise \u00e0 restituer le Mouvement Respiratoire Primaire (MRP), micro-mouvement de chaque partie du corps, pour qu\u2019il retrouve sa physiologie (soit le contraire de la pathologie) et par cons\u00e9quent, sa pleine capacit\u00e9 d\u2019auto-gu\u00e9rison (hom\u00e9ostasie). Elle corrige les anomalies de position et de MRP (l\u00e9sions).<\/h6><h6 style=\"text-align: left;\">L\u2019approche manuelle est douce, les man\u0153uvres sont tr\u00e8s l\u00e9g\u00e8res. Ne faisant pas appel \u00e0 la force, elle n\u2019agresse pas l\u2019organisme. C\u2019est une m\u00e9thode cr\u00e2nio-sacr\u00e9e : elle r\u00e9\u00e9quilibre l\u2019axe cr\u00e2ne-sacrum, axe central et essentiel au fonctionnement optimal du corps humain, avant de traiter la zone douloureuse ou probl\u00e9matique.<\/h6><h6 style=\"text-align: left;\">Cette technique a \u00e9t\u00e9 d\u00e9velopp\u00e9e par Maurice-Raymond POYET, ost\u00e9opathe reconnu qui fut l\u2019un des premiers \u00e0 d\u00e9crire avec une pr\u00e9cision extr\u00eame la motilit\u00e9 (MRP) des os cr\u00e2niens. En constatant que ses patients revenaient le voir pour une vert\u00e8bre qu\u2019il fallait \u00e0 nouveau traiter, Maurice POYET, form\u00e9 par l\u2019Ecole Ost\u00e9opathique Sutherland, s\u2019est aper\u00e7u que son approche structurelle fragilisait l\u2019articulation de cette vert\u00e8bre. Cela l\u2019a amen\u00e9 \u00e0 all\u00e9ger peu \u00e0 peu son geste jusqu\u2019\u00e0 parvenir \u00e0 \u00ab la l\u00e9g\u00e8ret\u00e9 d\u2019un papillon qui se pose sur une fleur \u00bb pour reprendre son expression. Il est pass\u00e9 ainsi d\u2019une approche structurelle intrusive \u00e0 une approche \u00ab \u00e9nerg\u00e9tique \u00bb plus sensitive et informationnelle.<\/h6><h6 style=\"text-align: left;\">En effet, le syst\u00e8me neuro-v\u00e9g\u00e9tatif du corps humain est l\u00e0 pour veiller en permanence aux d\u00e9fenses de l\u2019organisme. Quand les tissus se sentent agress\u00e9s, avant m\u00eame que \u00e7a ne vienne \u00e0 notre conscience, ils se contractent. En all\u00e9geant le geste, on passe en-dessous du seuil de r\u00e9activit\u00e9.<\/h6><\/div><\/div><\/div><\/div><\/div><div data-id=\"309c075\" data-element_type=\"column\"><div><div data-id=\"65a84ba\" data-element_type=\"widget\" data-widget_type=\"text-editor.default\"><div><h4 style=\"visibility: visible; animation-name: fadeInUp; text-align: left;\">\u00a0<\/h4><h4 style=\"visibility: visible; animation-name: fadeInUp; text-align: left;\"><strong>La Somatopathie<\/strong><\/h4><div style=\"visibility: visible; animation-name: fadeInRight; text-align: left;\"><h6>La Somatopathie est compl\u00e9mentaire \u00e0 la M\u00e9thode M.R. POYET. Elle a \u00e9t\u00e9 d\u00e9velopp\u00e9e par Pierre-Camille\u00a0VERNET, \u00e9l\u00e8ve de Maurice-Raymond POYET. Elle met en \u00e9vidence l\u2019influence de l\u2019histoire \u00e9motionnelle du patient (ainsi que celle de sa famille) sur son \u00e9tat physique.<\/h6><h6>D\u00e8s sa conception et jusqu\u2019aux premiers mois de sa vie, un individu est en interaction \u00e9motionnelle avec ses parents. Il est concern\u00e9 par tous les traumatismes, peurs et autres stress que lui ou ses parents peuvent vivre. Or, il n\u2019a pas encore la conscience pour les g\u00e9rer. C\u2019est donc son corps qui va prendre en charge l\u2019ensemble de ces stress, sous forme de l\u00e9sions somatiques. Il porte ainsi des m\u00e9moires \u00e9motionnelles v\u00e9cues voire m\u00eame transmises, qui vont perturber son \u00e9quilibre physique et le charger comme des poids.<\/h6><h6>Ces m\u00e9moires inconscientes sont r\u00e9activ\u00e9es par les \u00e9v\u00e8nements de la vie qui mettent en jeu la(les) m\u00eame(s) \u00e9motion(s). Lorsque le seuil de tol\u00e9rance est d\u00e9pass\u00e9, les sympt\u00f4mes ou pathologies apparaissent, il est donc n\u00e9cessaire de traiter ces charges \u00e9motionnelles pour pouvoir agir le plus efficacement possible.<\/h6><h6>Le geste th\u00e9rapeutique, associ\u00e9 \u00e0 une prise de conscience de ces m\u00e9canismes psychosomatiques, permet au patient de se lib\u00e9rer de ses tensions pr\u00e9pond\u00e9rantes sur le reste des l\u00e9sions.<\/h6><h6>Ce travail pr\u00e9c\u00e8de ou compl\u00e8te celui de la M\u00e9thode POYET, plus m\u00e9canique mais tout aussi essentiel \u00e0 un retour \u00e0 l\u2019\u00e9quilibre physiologique et donc \u00e0 la pleine sant\u00e9.<\/h6><div>\u00a0<\/div><\/div><\/div><\/div><div style=\"text-align: left;\" data-id=\"764b426\" data-element_type=\"widget\" data-widget_type=\"image.default\"><div><img loading=\"lazy\" src=\"http:\/\/somatopathie56.com\/wp-content\/uploads\/2021\/09\/Somatopathie-Nicolas-BRIANT_2-1024x683.jpg\" alt=\"\" width=\"187\" height=\"125\" \/><\/div><\/div><\/div><\/div><\/div><\/section><\/div><\/div><\/div><\/section><\/div><\/div><\/div><\/div><div style=\"text-align: left;\">\u00a0<\/div><\/div>\t\t\t\t\t\t<\/div>\n\t\t\t\t<\/div>\n\t\t\t\t\t<\/div>\n\t\t<\/div>\n\t\t\t\t\t\t\t<\/div>\n\t\t<\/section>\n\t\t\t\t\t<\/div>\n\t\t<\/div>\n\t\t\t\t\t\t\t<\/div>\n\t\t<\/section>\n\t\t\t\t\t\t<\/div>\n\t\t\t\t\t<\/div>\n\t\t","protected":false},"excerpt":{"rendered":"<p>Au sein de mon Cabinet de Th\u00e9rapie Manuelle \u00e0 Plouharnel, je r\u00e9ponds \u00e0 vos probl\u00e9matiques corporelles et psycho-\u00e9motionelles \u00e0 travers deux m\u00e9thodes compl\u00e9mentaires : Ost\u00e9opathie M\u00e9thode Poyet Praticien en Ost\u00e9opathie M\u00e9thode Poyet, je r\u00e9ponds \u00e0 vos motifs de consultation diverses (perte de souplesse li\u00e9e au vieillissement, douleurs musculaires et d\u00e9chirures ligamentaires, douleurs cervicales, dorsales, lombaires&#8230;, <a class=\"read-more\" href=\"https:\/\/somatopathie56.com\/\">READ MORE<\/a><\/p>\n","protected":false},"author":1,"featured_media":0,"parent":0,"menu_order":1,"comment_status":"closed","ping_status":"closed","template":"","meta":[],"_links":{"self":[{"href":"https:\/\/somatopathie56.com\/index.php\/wp-json\/wp\/v2\/pages\/2"}],"collection":[{"href":"https:\/\/somatopathie56.com\/index.php\/wp-json\/wp\/v2\/pages"}],"about":[{"href":"https:\/\/somatopathie56.com\/index.php\/wp-json\/wp\/v2\/types\/page"}],"author":[{"embeddable":true,"href":"https:\/\/somatopathie56.com\/index.php\/wp-json\/wp\/v2\/users\/1"}],"replies":[{"embeddable":true,"href":"https:\/\/somatopathie56.com\/index.php\/wp-json\/wp\/v2\/comments?post=2"}],"version-history":[{"count":101,"href":"https:\/\/somatopathie56.com\/index.php\/wp-json\/wp\/v2\/pages\/2\/revisions"}],"predecessor-version":[{"id":488,"href":"https:\/\/somatopathie56.com\/index.php\/wp-json\/wp\/v2\/pages\/2\/revisions\/488"}],"wp:attachment":[{"href":"https:\/\/somatopathie56.com\/index.php\/wp-json\/wp\/v2\/media?parent=2"}],"curies":[{"name":"wp","href":"https:\/\/api.w.org\/{rel}","templated":true}]}}