{"id":174,"date":"2021-08-22T11:09:19","date_gmt":"2021-08-22T09:09:19","guid":{"rendered":"http:\/\/somatopathie56.com\/?page_id=174"},"modified":"2022-01-18T11:00:52","modified_gmt":"2022-01-18T10:00:52","slug":"prendre-rendez-vous","status":"publish","type":"page","link":"https:\/\/somatopathie56.com\/index.php\/prendre-rendez-vous\/","title":{"rendered":"Prendre RDV"},"content":{"rendered":"\t\t<div data-elementor-type=\"wp-page\" data-elementor-id=\"174\" class=\"elementor elementor-174\" data-elementor-settings=\"[]\">\n\t\t\t\t\t\t\t<div class=\"elementor-section-wrap\">\n\t\t\t\t\t\t\t<section class=\"elementor-section elementor-top-section elementor-element elementor-element-1ed016c9 elementor-section-boxed elementor-section-height-default elementor-section-height-default\" data-id=\"1ed016c9\" data-element_type=\"section\">\n\t\t\t\t\t\t<div class=\"elementor-container elementor-column-gap-default\">\n\t\t\t\t\t<div class=\"elementor-column elementor-col-100 elementor-top-column elementor-element elementor-element-20d52194\" data-id=\"20d52194\" data-element_type=\"column\">\n\t\t\t<div class=\"elementor-widget-wrap elementor-element-populated\">\n\t\t\t\t\t\t\t\t<section class=\"elementor-section elementor-inner-section elementor-element elementor-element-63cd3d5 elementor-section-boxed elementor-section-height-default elementor-section-height-default\" data-id=\"63cd3d5\" data-element_type=\"section\">\n\t\t\t\t\t\t<div class=\"elementor-container elementor-column-gap-default\">\n\t\t\t\t\t<div class=\"elementor-column elementor-col-50 elementor-inner-column elementor-element elementor-element-d82155a\" data-id=\"d82155a\" data-element_type=\"column\">\n\t\t\t<div class=\"elementor-widget-wrap elementor-element-populated\">\n\t\t\t\t\t\t\t\t<div class=\"elementor-element elementor-element-2d1799fe elementor-widget elementor-widget-text-editor\" data-id=\"2d1799fe\" data-element_type=\"widget\" data-widget_type=\"text-editor.default\">\n\t\t\t\t<div class=\"elementor-widget-container\">\n\t\t\t\t\t\t\t<h6><!-- wp:paragraph --><\/h6>\n<section data-id=\"3877690\" data-element_type=\"section\">\n<div>\n<div data-id=\"0c3ad37\" data-element_type=\"column\">\n<div>\n<div data-id=\"2766e53\" data-element_type=\"widget\" data-widget_type=\"text-editor.default\">\n<div>\n<h3><b>Nicolas BRIANT &#8211; Somatopathe<\/b><\/h3>\n<h5>Th\u00e9rapie manuelle non manipulative m\u00e9thode MRP Poyet&nbsp;<\/h5>\n<h5>Siret n\u00b0 : 902 543 180 00019<\/h5>\n<div>&nbsp;<\/div>\n<div>\n<h5><b>Je vous accueille sur deux sites : <br><\/b><\/h5>\n<h5><b>&#8211; lundi, jeudi et vendredi <\/b>au sein de mon Cabinet de Th\u00e9rapie Manuelle : 12, rue de Brahen, 56340 Plouharnel.<\/h5>\n<div>\n<h5><b>&#8211; mardi et mercredi <\/b>au sein du centre Ar Ruskenn, le Centre de Sant\u00e9 Int\u00e9grative : ZA de Bisconte, 56680 Plouhinec.<\/h5><div><h5>Les s\u00e9ances se d\u00e9roulent de 9h \u00e0 20h. <\/h5><\/div>\n<div>&nbsp;<\/div>\n<\/div>\n<\/div>\n<div>\n<h5><b>Contact : 06 09 94 32 66<\/b><\/h5>\n<div>&nbsp;<\/div>\n<\/div>\n<\/div>\n<\/div>\n<\/div>\n<\/div>\n<\/div>\n<\/section>\n<h6><!-- \/wp:paragraph --><\/h6>\t\t\t\t\t\t<\/div>\n\t\t\t\t<\/div>\n\t\t\t\t\t<\/div>\n\t\t<\/div>\n\t\t\t\t<div class=\"elementor-column elementor-col-50 elementor-inner-column elementor-element elementor-element-014cdc8\" data-id=\"014cdc8\" data-element_type=\"column\">\n\t\t\t<div class=\"elementor-widget-wrap elementor-element-populated\">\n\t\t\t\t\t\t\t\t<div class=\"elementor-element elementor-element-3f061b6 elementor-widget elementor-widget-image\" data-id=\"3f061b6\" data-element_type=\"widget\" data-widget_type=\"image.default\">\n\t\t\t\t<div class=\"elementor-widget-container\">\n\t\t\t\t\t\t\t\t\t\t\t\t<figure class=\"wp-caption\">\n\t\t\t\t\t\t\t\t\t\t<img width=\"250\" height=\"259\" src=\"https:\/\/somatopathie56.com\/wp-content\/uploads\/2021\/12\/portrait-nb.png\" class=\"attachment-1536x1536 size-1536x1536\" alt=\"Somatopathie Plouharnel Pays d&#039;Auray Nicolas BRIANT\" loading=\"lazy\" \/>\t\t\t\t\t\t\t\t\t\t\t<figcaption class=\"widget-image-caption wp-caption-text\">Nicolas BRIANT Somatopathie et Ost\u00e9opathie M\u00e9thode Poyet - Cabinet de Th\u00e9rapie Manuelle - Plouharnel en Pays d'Auray Morbihan Bretagne<\/figcaption>\n\t\t\t\t\t\t\t\t\t\t<\/figure>\n\t\t\t\t\t\t\t\t\t<\/div>\n\t\t\t\t<\/div>\n\t\t\t\t\t<\/div>\n\t\t<\/div>\n\t\t\t\t\t\t\t<\/div>\n\t\t<\/section>\n\t\t\t\t<div class=\"elementor-element elementor-element-ed00875 elementor-widget elementor-widget-google_maps\" data-id=\"ed00875\" data-element_type=\"widget\" data-widget_type=\"google_maps.default\">\n\t\t\t\t<div class=\"elementor-widget-container\">\n\t\t\t\t\t<div class=\"elementor-custom-embed\">\n\t\t\t<iframe frameborder=\"0\" scrolling=\"no\" marginheight=\"0\" marginwidth=\"0\"\n\t\t\t\t\tsrc=\"https:\/\/maps.google.com\/maps?q=12%2C%20rue%20de%20Brahen%2056340%20Plouharnel&#038;t=m&#038;z=10&#038;output=embed&#038;iwloc=near\"\n\t\t\t\t\ttitle=\"12, rue de Brahen 56340 Plouharnel\"\n\t\t\t\t\taria-label=\"12, rue de Brahen 56340 Plouharnel\"\n\t\t\t><\/iframe>\n\t\t<\/div>\n\t\t\t\t<\/div>\n\t\t\t\t<\/div>\n\t\t\t\t\t<\/div>\n\t\t<\/div>\n\t\t\t\t\t\t\t<\/div>\n\t\t<\/section>\n\t\t\t\t<section class=\"elementor-section elementor-top-section elementor-element elementor-element-9d8d12d elementor-section-boxed elementor-section-height-default elementor-section-height-default\" data-id=\"9d8d12d\" data-element_type=\"section\">\n\t\t\t\t\t\t<div class=\"elementor-container elementor-column-gap-default\">\n\t\t\t\t\t<div class=\"elementor-column elementor-col-100 elementor-top-column elementor-element elementor-element-908c240\" data-id=\"908c240\" data-element_type=\"column\">\n\t\t\t<div class=\"elementor-widget-wrap elementor-element-populated\">\n\t\t\t\t\t\t\t\t<div class=\"elementor-element elementor-element-61bcd11 elementor-widget elementor-widget-text-editor\" data-id=\"61bcd11\" data-element_type=\"widget\" data-widget_type=\"text-editor.default\">\n\t\t\t\t<div class=\"elementor-widget-container\">\n\t\t\t\t\t\t\t<div>\n<h6><b>Important : la somatopathie est une technique qui ne se substitue pas \u00e0 un traitement m\u00e9dical, ne pr\u00e9scrit pas, ne diagnostique pas. <\/b><\/h6>\n<\/div>\t\t\t\t\t\t<\/div>\n\t\t\t\t<\/div>\n\t\t\t\t\t<\/div>\n\t\t<\/div>\n\t\t\t\t\t\t\t<\/div>\n\t\t<\/section>\n\t\t\t\t\t\t<\/div>\n\t\t\t\t\t<\/div>\n\t\t","protected":false},"excerpt":{"rendered":"<p>Nicolas BRIANT &#8211; Somatopathe Th\u00e9rapie manuelle non manipulative m\u00e9thode MRP Poyet&nbsp; Siret n\u00b0 : 902 543 180 00019 &nbsp; Je vous accueille sur deux sites : &#8211; lundi, jeudi et vendredi au sein de mon Cabinet de Th\u00e9rapie Manuelle : 12, rue de Brahen, 56340 Plouharnel. &#8211; mardi et mercredi au sein du centre Ar <a class=\"read-more\" href=\"https:\/\/somatopathie56.com\/index.php\/prendre-rendez-vous\/\">READ MORE<\/a><\/p>\n","protected":false},"author":1,"featured_media":0,"parent":0,"menu_order":7,"comment_status":"closed","ping_status":"closed","template":"","meta":[],"_links":{"self":[{"href":"https:\/\/somatopathie56.com\/index.php\/wp-json\/wp\/v2\/pages\/174"}],"collection":[{"href":"https:\/\/somatopathie56.com\/index.php\/wp-json\/wp\/v2\/pages"}],"about":[{"href":"https:\/\/somatopathie56.com\/index.php\/wp-json\/wp\/v2\/types\/page"}],"author":[{"embeddable":true,"href":"https:\/\/somatopathie56.com\/index.php\/wp-json\/wp\/v2\/users\/1"}],"replies":[{"embeddable":true,"href":"https:\/\/somatopathie56.com\/index.php\/wp-json\/wp\/v2\/comments?post=174"}],"version-history":[{"count":48,"href":"https:\/\/somatopathie56.com\/index.php\/wp-json\/wp\/v2\/pages\/174\/revisions"}],"predecessor-version":[{"id":451,"href":"https:\/\/somatopathie56.com\/index.php\/wp-json\/wp\/v2\/pages\/174\/revisions\/451"}],"wp:attachment":[{"href":"https:\/\/somatopathie56.com\/index.php\/wp-json\/wp\/v2\/media?parent=174"}],"curies":[{"name":"wp","href":"https:\/\/api.w.org\/{rel}","templated":true}]}}