{"id":125,"date":"2021-08-21T12:07:21","date_gmt":"2021-08-21T10:07:21","guid":{"rendered":"http:\/\/somatopathie56.com\/?page_id=125"},"modified":"2021-12-10T18:23:59","modified_gmt":"2021-12-10T17:23:59","slug":"la-seance","status":"publish","type":"page","link":"https:\/\/somatopathie56.com\/index.php\/la-seance\/","title":{"rendered":"La s\u00e9ance"},"content":{"rendered":"\t\t<div data-elementor-type=\"wp-page\" data-elementor-id=\"125\" class=\"elementor elementor-125\" data-elementor-settings=\"[]\">\n\t\t\t\t\t\t\t<div class=\"elementor-section-wrap\">\n\t\t\t\t\t\t\t<section class=\"elementor-section elementor-top-section elementor-element elementor-element-18e14eac elementor-section-boxed elementor-section-height-default elementor-section-height-default\" data-id=\"18e14eac\" data-element_type=\"section\">\n\t\t\t\t\t\t<div class=\"elementor-container elementor-column-gap-default\">\n\t\t\t\t\t<div class=\"elementor-column elementor-col-100 elementor-top-column elementor-element elementor-element-6e2bfb15\" data-id=\"6e2bfb15\" data-element_type=\"column\">\n\t\t\t<div class=\"elementor-widget-wrap elementor-element-populated\">\n\t\t\t\t\t\t\t\t<section class=\"elementor-section elementor-inner-section elementor-element elementor-element-b063010 elementor-section-boxed elementor-section-height-default elementor-section-height-default\" data-id=\"b063010\" data-element_type=\"section\">\n\t\t\t\t\t\t<div class=\"elementor-container elementor-column-gap-default\">\n\t\t\t\t\t<div class=\"elementor-column elementor-col-50 elementor-inner-column elementor-element elementor-element-55e0bef\" data-id=\"55e0bef\" data-element_type=\"column\">\n\t\t\t<div class=\"elementor-widget-wrap elementor-element-populated\">\n\t\t\t\t\t\t\t\t<div class=\"elementor-element elementor-element-4ae15b22 elementor-widget elementor-widget-text-editor\" data-id=\"4ae15b22\" data-element_type=\"widget\" data-widget_type=\"text-editor.default\">\n\t\t\t\t<div class=\"elementor-widget-container\">\n\t\t\t\t\t\t\t<p><!-- wp:heading {\"level\":3} --><\/p>\n<h3>D\u00e9roulement d&#8217;une s\u00e9ance<\/h3>\n<p><!-- \/wp:heading --><\/p>\n<p><!-- wp:paragraph --><\/p>\n<h6>Par une \u00e9coute cr\u00e2nienne, le somatopathe identifie les dysfonctionnements de la structure corporelle de son patient et les corrige afin de r\u00e9tablir l&#8217;\u00e9quilibre du corps.<\/h6>\n<h6><!-- \/wp:paragraph --><\/h6>\n<h6><!-- wp:paragraph --><\/h6>\n<h6>Lors d&#8217;une s\u00e9ance, il r\u00e9alise sur le corps des corrections pour r\u00e9tablir cette motilit\u00e9 globale entre cr\u00e2ne et sacrum. Cette technique travaille sur les diff\u00e9rents syst\u00e8mes&nbsp;organique, musculaire, articulaire, nerveux, fascias, endocriniens&#8230;<\/h6>\n<h6><!-- \/wp:paragraph --><\/h6>\n<h6><!-- wp:paragraph --><\/h6>\n<h6>La Somatopathie se basant sur la psychosomatique, le th\u00e9rapeute \u00e9voque avec son patient la symbolique potentielle et non syst\u00e9matique des maux.<\/h6>\n<p><!-- \/wp:paragraph --><\/p>\n<p><!-- wp:heading {\"level\":3} --><\/p>\n<h3>Dur\u00e9e \/ Fr\u00e9quence<\/h3>\n<p><!-- \/wp:heading --><\/p>\n<p><!-- wp:paragraph --><\/p>\n<h6>Une s\u00e9ance dure environ 1 heure. On compte environ 2 \u00e0 3 s\u00e9ances (hors longues maladies) pour voir de l&#8217;am\u00e9lioration et parfois la disparition des sympt\u00f4mes ou de la douleur.<\/h6>\n<p><!-- \/wp:paragraph --><\/p>\n<p><!-- wp:paragraph --><\/p>\n<p><!-- \/wp:paragraph --><\/p>\t\t\t\t\t\t<\/div>\n\t\t\t\t<\/div>\n\t\t\t\t\t<\/div>\n\t\t<\/div>\n\t\t\t\t<div class=\"elementor-column elementor-col-50 elementor-inner-column elementor-element elementor-element-23b65e2\" data-id=\"23b65e2\" data-element_type=\"column\">\n\t\t\t<div class=\"elementor-widget-wrap elementor-element-populated\">\n\t\t\t\t\t\t\t\t<div class=\"elementor-element elementor-element-54bd261 elementor-widget elementor-widget-image\" data-id=\"54bd261\" data-element_type=\"widget\" data-widget_type=\"image.default\">\n\t\t\t\t<div class=\"elementor-widget-container\">\n\t\t\t\t\t\t\t\t\t\t\t\t\t\t\t<img width=\"320\" height=\"240\" src=\"https:\/\/somatopathie56.com\/wp-content\/uploads\/2021\/12\/Nicolas-Briant-Somatopathe.jpeg\" class=\"attachment-2048x2048 size-2048x2048\" alt=\"Nicolas BRIANT Ost\u00e9opathie M\u00e9thode Poyet Plouharnel Auray Morbihan Bretagne\" loading=\"lazy\" srcset=\"https:\/\/somatopathie56.com\/wp-content\/uploads\/2021\/12\/Nicolas-Briant-Somatopathe.jpeg 320w, https:\/\/somatopathie56.com\/wp-content\/uploads\/2021\/12\/Nicolas-Briant-Somatopathe-300x225.jpeg 300w\" sizes=\"(max-width: 320px) 100vw, 320px\" \/>\t\t\t\t\t\t\t\t\t\t\t\t\t\t\t<\/div>\n\t\t\t\t<\/div>\n\t\t\t\t\t<\/div>\n\t\t<\/div>\n\t\t\t\t\t\t\t<\/div>\n\t\t<\/section>\n\t\t\t\t\t<\/div>\n\t\t<\/div>\n\t\t\t\t\t\t\t<\/div>\n\t\t<\/section>\n\t\t\t\t<section class=\"elementor-section elementor-top-section elementor-element elementor-element-164bbb1 elementor-section-boxed elementor-section-height-default elementor-section-height-default\" data-id=\"164bbb1\" data-element_type=\"section\">\n\t\t\t\t\t\t<div class=\"elementor-container elementor-column-gap-default\">\n\t\t\t\t\t<div class=\"elementor-column elementor-col-100 elementor-top-column elementor-element elementor-element-945e855\" data-id=\"945e855\" data-element_type=\"column\">\n\t\t\t<div class=\"elementor-widget-wrap elementor-element-populated\">\n\t\t\t\t\t\t\t\t<div class=\"elementor-element elementor-element-f2845f2 elementor-widget elementor-widget-text-editor\" data-id=\"f2845f2\" data-element_type=\"widget\" data-widget_type=\"text-editor.default\">\n\t\t\t\t<div class=\"elementor-widget-container\">\n\t\t\t\t\t\t\t<div>\n<h6><b>Important : la somatopathie est une technique qui ne se substitue\n pas \u00e0 un traitement m\u00e9dical, ne pr\u00e9scrit pas, ne diagnostique pas. <\/b><\/h6>\n<\/div>\t\t\t\t\t\t<\/div>\n\t\t\t\t<\/div>\n\t\t\t\t\t<\/div>\n\t\t<\/div>\n\t\t\t\t\t\t\t<\/div>\n\t\t<\/section>\n\t\t\t\t\t\t<\/div>\n\t\t\t\t\t<\/div>\n\t\t","protected":false},"excerpt":{"rendered":"<p>D\u00e9roulement d&#8217;une s\u00e9ance Par une \u00e9coute cr\u00e2nienne, le somatopathe identifie les dysfonctionnements de la structure corporelle de son patient et les corrige afin de r\u00e9tablir l&#8217;\u00e9quilibre du corps. Lors d&#8217;une s\u00e9ance, il r\u00e9alise sur le corps des corrections pour r\u00e9tablir cette motilit\u00e9 globale entre cr\u00e2ne et sacrum. Cette technique travaille sur les diff\u00e9rents syst\u00e8mes&nbsp;organique, musculaire, <a class=\"read-more\" href=\"https:\/\/somatopathie56.com\/index.php\/la-seance\/\">READ MORE<\/a><\/p>\n","protected":false},"author":1,"featured_media":0,"parent":0,"menu_order":5,"comment_status":"closed","ping_status":"closed","template":"","meta":[],"_links":{"self":[{"href":"https:\/\/somatopathie56.com\/index.php\/wp-json\/wp\/v2\/pages\/125"}],"collection":[{"href":"https:\/\/somatopathie56.com\/index.php\/wp-json\/wp\/v2\/pages"}],"about":[{"href":"https:\/\/somatopathie56.com\/index.php\/wp-json\/wp\/v2\/types\/page"}],"author":[{"embeddable":true,"href":"https:\/\/somatopathie56.com\/index.php\/wp-json\/wp\/v2\/users\/1"}],"replies":[{"embeddable":true,"href":"https:\/\/somatopathie56.com\/index.php\/wp-json\/wp\/v2\/comments?post=125"}],"version-history":[{"count":22,"href":"https:\/\/somatopathie56.com\/index.php\/wp-json\/wp\/v2\/pages\/125\/revisions"}],"predecessor-version":[{"id":435,"href":"https:\/\/somatopathie56.com\/index.php\/wp-json\/wp\/v2\/pages\/125\/revisions\/435"}],"wp:attachment":[{"href":"https:\/\/somatopathie56.com\/index.php\/wp-json\/wp\/v2\/media?parent=125"}],"curies":[{"name":"wp","href":"https:\/\/api.w.org\/{rel}","templated":true}]}}