{"id":119,"date":"2021-08-21T11:35:50","date_gmt":"2021-08-21T09:35:50","guid":{"rendered":"http:\/\/somatopathie56.com\/?page_id=119"},"modified":"2021-12-01T15:32:58","modified_gmt":"2021-12-01T14:32:58","slug":"motifs-de-consultation","status":"publish","type":"page","link":"https:\/\/somatopathie56.com\/index.php\/motifs-de-consultation\/","title":{"rendered":"Motifs de consultation"},"content":{"rendered":"\t\t<div data-elementor-type=\"wp-page\" data-elementor-id=\"119\" class=\"elementor elementor-119\" data-elementor-settings=\"[]\">\n\t\t\t\t\t\t\t<div class=\"elementor-section-wrap\">\n\t\t\t\t\t\t\t<section class=\"elementor-section elementor-top-section elementor-element elementor-element-0f83cba elementor-section-boxed elementor-section-height-default elementor-section-height-default\" data-id=\"0f83cba\" data-element_type=\"section\">\n\t\t\t\t\t\t<div class=\"elementor-container elementor-column-gap-default\">\n\t\t\t\t\t<div class=\"elementor-column elementor-col-100 elementor-top-column elementor-element elementor-element-fe81f4c\" data-id=\"fe81f4c\" data-element_type=\"column\">\n\t\t\t<div class=\"elementor-widget-wrap elementor-element-populated\">\n\t\t\t\t\t\t\t\t<div class=\"elementor-element elementor-element-47bd875 elementor-widget elementor-widget-text-editor\" data-id=\"47bd875\" data-element_type=\"widget\" data-widget_type=\"text-editor.default\">\n\t\t\t\t<div class=\"elementor-widget-container\">\n\t\t\t\t\t\t\t<h6>Les principaux champs d&#8217;action de la somatopathie et les motifs de consultation sont les suivants :<\/h6>\t\t\t\t\t\t<\/div>\n\t\t\t\t<\/div>\n\t\t\t\t\t<\/div>\n\t\t<\/div>\n\t\t\t\t\t\t\t<\/div>\n\t\t<\/section>\n\t\t\t\t<section class=\"elementor-section elementor-top-section elementor-element elementor-element-e685699 elementor-section-boxed elementor-section-height-default elementor-section-height-default\" data-id=\"e685699\" data-element_type=\"section\">\n\t\t\t\t\t\t<div class=\"elementor-container elementor-column-gap-default\">\n\t\t\t\t\t<div class=\"elementor-column elementor-col-100 elementor-top-column elementor-element elementor-element-9df088c\" data-id=\"9df088c\" data-element_type=\"column\">\n\t\t\t<div class=\"elementor-widget-wrap elementor-element-populated\">\n\t\t\t\t\t\t\t\t<div class=\"elementor-element elementor-element-c1440af elementor-widget elementor-widget-toggle\" data-id=\"c1440af\" data-element_type=\"widget\" data-widget_type=\"toggle.default\">\n\t\t\t\t<div class=\"elementor-widget-container\">\n\t\t\t\t\t<div class=\"elementor-toggle\" role=\"tablist\">\n\t\t\t\t\t\t\t<div class=\"elementor-toggle-item\">\n\t\t\t\t\t<div id=\"elementor-tab-title-2021\" class=\"elementor-tab-title\" data-tab=\"1\" role=\"tab\" aria-controls=\"elementor-tab-content-2021\" aria-expanded=\"false\">\n\t\t\t\t\t\t\t\t\t\t\t\t<span class=\"elementor-toggle-icon elementor-toggle-icon-left\" aria-hidden=\"true\">\n\t\t\t\t\t\t\t\t\t\t\t\t\t\t\t<span class=\"elementor-toggle-icon-closed\"><i class=\"fas fa-caret-right\"><\/i><\/span>\n\t\t\t\t\t\t\t\t<span class=\"elementor-toggle-icon-opened\"><i class=\"elementor-toggle-icon-opened fas fa-caret-up\"><\/i><\/span>\n\t\t\t\t\t\t\t\t\t\t\t\t\t<\/span>\n\t\t\t\t\t\t\t\t\t\t\t\t<a href=\"\" class=\"elementor-toggle-title\">Pour le b\u00e9b\u00e9<\/a>\n\t\t\t\t\t<\/div>\n\n\t\t\t\t\t<div id=\"elementor-tab-content-2021\" class=\"elementor-tab-content elementor-clearfix\" data-tab=\"1\" role=\"tabpanel\" aria-labelledby=\"elementor-tab-title-2021\"><ul><li><h6>Asym\u00e9trie cr\u00e2nienne (plagioc\u00e9phalie), strabisme<\/h6><\/li><li><h6>Troubles du sommeil, difficult\u00e9 \u00e0 faire ses nuits<\/h6><\/li><li><h6>Troubles digestifs: coliques, constipations ou diarrh\u00e9es chroniques&#8230;<\/h6><\/li><li><h6>Reflux gastriques, r\u00e9gurgitations excessives, vomissements<\/h6><\/li><li><h6>Troubles ORL \u00e0 r\u00e9p\u00e9tition : otites, sinusites, bronchites&#8230;<\/h6><\/li><li><h6>Naissance difficile : c\u00e9sarienne, forceps, cordon autour du cou, pr\u00e9matur\u00e9&#8230;<\/h6><\/li><\/ul><\/div>\n\t\t\t\t<\/div>\n\t\t\t\t\t\t\t<div class=\"elementor-toggle-item\">\n\t\t\t\t\t<div id=\"elementor-tab-title-2022\" class=\"elementor-tab-title\" data-tab=\"2\" role=\"tab\" aria-controls=\"elementor-tab-content-2022\" aria-expanded=\"false\">\n\t\t\t\t\t\t\t\t\t\t\t\t<span class=\"elementor-toggle-icon elementor-toggle-icon-left\" aria-hidden=\"true\">\n\t\t\t\t\t\t\t\t\t\t\t\t\t\t\t<span class=\"elementor-toggle-icon-closed\"><i class=\"fas fa-caret-right\"><\/i><\/span>\n\t\t\t\t\t\t\t\t<span class=\"elementor-toggle-icon-opened\"><i class=\"elementor-toggle-icon-opened fas fa-caret-up\"><\/i><\/span>\n\t\t\t\t\t\t\t\t\t\t\t\t\t<\/span>\n\t\t\t\t\t\t\t\t\t\t\t\t<a href=\"\" class=\"elementor-toggle-title\">Pour l'enfant<\/a>\n\t\t\t\t\t<\/div>\n\n\t\t\t\t\t<div id=\"elementor-tab-content-2022\" class=\"elementor-tab-content elementor-clearfix\" data-tab=\"2\" role=\"tabpanel\" aria-labelledby=\"elementor-tab-title-2022\"><ul><li><h6>Douleurs ost\u00e9o-articulaires et musculaires : dorsalgie, tendinite, entorse&#8230;<\/h6><\/li><li><h6>Maux de ventre, de t\u00eate, migraines<\/h6><\/li><li><h6>Troubles du comportement : hyperactivit\u00e9, angoisses, difficult\u00e9 de s\u00e9paration, de concentration, phobie scolaire&#8230;<\/h6><\/li><li><h6>Scoliose ou attitude scoliotique, hyperlordose, hypercyphose<\/h6><\/li><li><h6>Accompagnement d&#8217;un appareil orthodontique<\/h6><\/li><li><h6>Asthme, troubles digestifs, fragilit\u00e9 immunitaire<\/h6><\/li><\/ul><\/div>\n\t\t\t\t<\/div>\n\t\t\t\t\t\t\t<div class=\"elementor-toggle-item\">\n\t\t\t\t\t<div id=\"elementor-tab-title-2023\" class=\"elementor-tab-title\" data-tab=\"3\" role=\"tab\" aria-controls=\"elementor-tab-content-2023\" aria-expanded=\"false\">\n\t\t\t\t\t\t\t\t\t\t\t\t<span class=\"elementor-toggle-icon elementor-toggle-icon-left\" aria-hidden=\"true\">\n\t\t\t\t\t\t\t\t\t\t\t\t\t\t\t<span class=\"elementor-toggle-icon-closed\"><i class=\"fas fa-caret-right\"><\/i><\/span>\n\t\t\t\t\t\t\t\t<span class=\"elementor-toggle-icon-opened\"><i class=\"elementor-toggle-icon-opened fas fa-caret-up\"><\/i><\/span>\n\t\t\t\t\t\t\t\t\t\t\t\t\t<\/span>\n\t\t\t\t\t\t\t\t\t\t\t\t<a href=\"\" class=\"elementor-toggle-title\">Pour l'adulte et la personne ag\u00e9e<\/a>\n\t\t\t\t\t<\/div>\n\n\t\t\t\t\t<div id=\"elementor-tab-content-2023\" class=\"elementor-tab-content elementor-clearfix\" data-tab=\"3\" role=\"tabpanel\" aria-labelledby=\"elementor-tab-title-2023\"><ul><li><h6>Douleurs ost\u00e9o-articulaires et musculaires : torticolis, dorsalgie, lumbago, n\u00e9vralgie, tendinite&#8230;<\/h6><\/li><li><h6>S\u00e9quelles post-traumatiques ou post-op\u00e9ratoires : cervicalgie, coup du lapin, cicatrice douloureuse&#8230;<\/h6><\/li><li><h6>Vertiges, c\u00e9phal\u00e9es, migraines<\/h6><\/li><li><h6>Stress, anxi\u00e9t\u00e9, angoisses<\/h6><\/li><li><h6>Pathologies fonctionnelles : troubles digestifs, respiratoires, circulatoires, probl\u00e8mes h\u00e9patiques&#8230;<\/h6><\/li><li><h6>Pathologies de terrain : arthrite, ost\u00e9oporose, maladies auto-immunes, d\u00e9s\u00e9quilibres hormonaux&#8230;<\/h6><\/li><li><h6>Troubles gyn\u00e9cologiques : troubles du cycle, dysm\u00e9norrh\u00e9es (douleurs de r\u00e8gles), dyspareunies (douleurs pendant rapports sexuels), infertilit\u00e9 inexpliqu\u00e9e, accompagnement de FIV&#8230;<\/h6><\/li><\/ul><\/div>\n\t\t\t\t<\/div>\n\t\t\t\t\t\t\t<div class=\"elementor-toggle-item\">\n\t\t\t\t\t<div id=\"elementor-tab-title-2024\" class=\"elementor-tab-title\" data-tab=\"4\" role=\"tab\" aria-controls=\"elementor-tab-content-2024\" aria-expanded=\"false\">\n\t\t\t\t\t\t\t\t\t\t\t\t<span class=\"elementor-toggle-icon elementor-toggle-icon-left\" aria-hidden=\"true\">\n\t\t\t\t\t\t\t\t\t\t\t\t\t\t\t<span class=\"elementor-toggle-icon-closed\"><i class=\"fas fa-caret-right\"><\/i><\/span>\n\t\t\t\t\t\t\t\t<span class=\"elementor-toggle-icon-opened\"><i class=\"elementor-toggle-icon-opened fas fa-caret-up\"><\/i><\/span>\n\t\t\t\t\t\t\t\t\t\t\t\t\t<\/span>\n\t\t\t\t\t\t\t\t\t\t\t\t<a href=\"\" class=\"elementor-toggle-title\">Pour le sportif<\/a>\n\t\t\t\t\t<\/div>\n\n\t\t\t\t\t<div id=\"elementor-tab-content-2024\" class=\"elementor-tab-content elementor-clearfix\" data-tab=\"4\" role=\"tabpanel\" aria-labelledby=\"elementor-tab-title-2024\"><ul><li><h6>Pr\u00e9vention des blessures<\/h6><\/li><li><h6>Traumas : entorse, d\u00e9chirure, contracture&#8230;<\/h6><\/li><li><h6>Pubalgie<\/h6><\/li><\/ul><\/div>\n\t\t\t\t<\/div>\n\t\t\t\t\t\t\t<div class=\"elementor-toggle-item\">\n\t\t\t\t\t<div id=\"elementor-tab-title-2025\" class=\"elementor-tab-title\" data-tab=\"5\" role=\"tab\" aria-controls=\"elementor-tab-content-2025\" aria-expanded=\"false\">\n\t\t\t\t\t\t\t\t\t\t\t\t<span class=\"elementor-toggle-icon elementor-toggle-icon-left\" aria-hidden=\"true\">\n\t\t\t\t\t\t\t\t\t\t\t\t\t\t\t<span class=\"elementor-toggle-icon-closed\"><i class=\"fas fa-caret-right\"><\/i><\/span>\n\t\t\t\t\t\t\t\t<span class=\"elementor-toggle-icon-opened\"><i class=\"elementor-toggle-icon-opened fas fa-caret-up\"><\/i><\/span>\n\t\t\t\t\t\t\t\t\t\t\t\t\t<\/span>\n\t\t\t\t\t\t\t\t\t\t\t\t<a href=\"\" class=\"elementor-toggle-title\">Pour la femme enceinte<\/a>\n\t\t\t\t\t<\/div>\n\n\t\t\t\t\t<div id=\"elementor-tab-content-2025\" class=\"elementor-tab-content elementor-clearfix\" data-tab=\"5\" role=\"tabpanel\" aria-labelledby=\"elementor-tab-title-2025\"><ul><li><h6>Suivi de grossesse<\/h6><\/li><li><h6>Grossesse difficile : sciatique, coxalgie, alitement pr\u00e9coce, naus\u00e9es excessives, angoisses&#8230;<\/h6><\/li><li><h6>Accouchement difficile : c\u00e9sarienne, forceps, cordon autour du cou, pr\u00e9matur\u00e9&#8230;<\/h6><\/li><\/ul><\/div>\n\t\t\t\t<\/div>\n\t\t\t\t\t\t\t\t<\/div>\n\t\t\t\t<\/div>\n\t\t\t\t<\/div>\n\t\t\t\t\t<\/div>\n\t\t<\/div>\n\t\t\t\t\t\t\t<\/div>\n\t\t<\/section>\n\t\t\t\t<section class=\"elementor-section elementor-top-section elementor-element elementor-element-2309526 elementor-section-boxed elementor-section-height-default elementor-section-height-default\" data-id=\"2309526\" data-element_type=\"section\">\n\t\t\t\t\t\t<div class=\"elementor-container elementor-column-gap-default\">\n\t\t\t\t\t<div class=\"elementor-column elementor-col-100 elementor-top-column elementor-element elementor-element-af945b6\" data-id=\"af945b6\" data-element_type=\"column\">\n\t\t\t<div class=\"elementor-widget-wrap elementor-element-populated\">\n\t\t\t\t\t\t\t\t<div class=\"elementor-element elementor-element-b8a8891 elementor-widget elementor-widget-text-editor\" data-id=\"b8a8891\" data-element_type=\"widget\" data-widget_type=\"text-editor.default\">\n\t\t\t\t<div class=\"elementor-widget-container\">\n\t\t\t\t\t\t\t<div><h6><b>Important : la somatopathie est une technique qui ne se substitue pas \u00e0 un traitement m\u00e9dical, ne pr\u00e9scrit pas, ne diagnostique pas. <\/b><\/h6><\/div>\t\t\t\t\t\t<\/div>\n\t\t\t\t<\/div>\n\t\t\t\t\t<\/div>\n\t\t<\/div>\n\t\t\t\t\t\t\t<\/div>\n\t\t<\/section>\n\t\t\t\t\t\t<\/div>\n\t\t\t\t\t<\/div>\n\t\t","protected":false},"excerpt":{"rendered":"<p>Les principaux champs d&#8217;action de la somatopathie et les motifs de consultation sont les suivants : Pour le b\u00e9b\u00e9 Asym\u00e9trie cr\u00e2nienne (plagioc\u00e9phalie), strabisme Troubles du sommeil, difficult\u00e9 \u00e0 faire ses nuits Troubles digestifs: coliques, constipations ou diarrh\u00e9es chroniques&#8230; Reflux gastriques, r\u00e9gurgitations excessives, vomissements Troubles ORL \u00e0 r\u00e9p\u00e9tition : otites, sinusites, bronchites&#8230; Naissance difficile : c\u00e9sarienne, <a class=\"read-more\" href=\"https:\/\/somatopathie56.com\/index.php\/motifs-de-consultation\/\">READ MORE<\/a><\/p>\n","protected":false},"author":1,"featured_media":0,"parent":0,"menu_order":4,"comment_status":"closed","ping_status":"closed","template":"","meta":[],"_links":{"self":[{"href":"https:\/\/somatopathie56.com\/index.php\/wp-json\/wp\/v2\/pages\/119"}],"collection":[{"href":"https:\/\/somatopathie56.com\/index.php\/wp-json\/wp\/v2\/pages"}],"about":[{"href":"https:\/\/somatopathie56.com\/index.php\/wp-json\/wp\/v2\/types\/page"}],"author":[{"embeddable":true,"href":"https:\/\/somatopathie56.com\/index.php\/wp-json\/wp\/v2\/users\/1"}],"replies":[{"embeddable":true,"href":"https:\/\/somatopathie56.com\/index.php\/wp-json\/wp\/v2\/comments?post=119"}],"version-history":[{"count":22,"href":"https:\/\/somatopathie56.com\/index.php\/wp-json\/wp\/v2\/pages\/119\/revisions"}],"predecessor-version":[{"id":382,"href":"https:\/\/somatopathie56.com\/index.php\/wp-json\/wp\/v2\/pages\/119\/revisions\/382"}],"wp:attachment":[{"href":"https:\/\/somatopathie56.com\/index.php\/wp-json\/wp\/v2\/media?parent=119"}],"curies":[{"name":"wp","href":"https:\/\/api.w.org\/{rel}","templated":true}]}}