{"id":115,"date":"2021-08-21T11:19:43","date_gmt":"2021-08-21T09:19:43","guid":{"rendered":"http:\/\/somatopathie56.com\/?page_id=115"},"modified":"2021-12-01T15:26:12","modified_gmt":"2021-12-01T14:26:12","slug":"mon-parcours","status":"publish","type":"page","link":"https:\/\/somatopathie56.com\/index.php\/mon-parcours\/","title":{"rendered":"Mon cursus"},"content":{"rendered":"\t\t<div data-elementor-type=\"wp-page\" data-elementor-id=\"115\" class=\"elementor elementor-115\" data-elementor-settings=\"[]\">\n\t\t\t\t\t\t\t<div class=\"elementor-section-wrap\">\n\t\t\t\t\t\t\t<section class=\"elementor-section elementor-top-section elementor-element elementor-element-da39ddf elementor-section-boxed elementor-section-height-default elementor-section-height-default\" data-id=\"da39ddf\" data-element_type=\"section\">\n\t\t\t\t\t\t<div class=\"elementor-container elementor-column-gap-default\">\n\t\t\t\t\t<div class=\"elementor-column elementor-col-100 elementor-top-column elementor-element elementor-element-6738475\" data-id=\"6738475\" data-element_type=\"column\">\n\t\t\t<div class=\"elementor-widget-wrap elementor-element-populated\">\n\t\t\t\t\t\t\t\t<section class=\"elementor-section elementor-inner-section elementor-element elementor-element-c2b3922 elementor-section-boxed elementor-section-height-default elementor-section-height-default\" data-id=\"c2b3922\" data-element_type=\"section\">\n\t\t\t\t\t\t<div class=\"elementor-container elementor-column-gap-default\">\n\t\t\t\t\t<div class=\"elementor-column elementor-col-50 elementor-inner-column elementor-element elementor-element-a4ed5fc\" data-id=\"a4ed5fc\" data-element_type=\"column\">\n\t\t\t<div class=\"elementor-widget-wrap elementor-element-populated\">\n\t\t\t\t\t\t\t\t<div class=\"elementor-element elementor-element-6bab37e9 elementor-widget elementor-widget-text-editor\" data-id=\"6bab37e9\" data-element_type=\"widget\" data-widget_type=\"text-editor.default\">\n\t\t\t\t<div class=\"elementor-widget-container\">\n\t\t\t\t\t\t\t<p><!-- wp:paragraph --><\/p>\n<h6>Attir\u00e9 par le fait de soigner avec ses mains, j&#8217;ai eu la chance de d\u00e9couvrir la Somatopathie et l&#8217;Ost\u00e9opathie M.R. POYET. <\/h6>\n<h6>J&#8217;ai rencontr\u00e9 une technique extr\u00eamement douce, globale et sans aucune manipulation corporelle. Cette m\u00e9thode int\u00e8gre une dimension \u00e9motionnelle et psychosomatique.<\/h6>\n<h6><!-- \/wp:paragraph --><\/h6>\n<h6><!-- wp:paragraph --><\/h6>\n<h6>D\u00e8s lors, j&#8217;ai suivi une formation compl\u00e8te en 4 ans \u00e0 l&#8217;\u00c9cole de Somatopathie dont les principales mati\u00e8res et th\u00e8mes enseign\u00e9s sont:<\/h6>\n<h6><!-- \/wp:paragraph --><\/h6>\n<h6><!-- wp:list --><\/h6>\n<ul>\n<li>\n<h6>Anatomie, physiologie, pathologie<\/h6>\n<\/li>\n<\/ul>\n<ul>\n<li>\n<h6>Neurologie, neurophysiologie<\/h6>\n<\/li>\n<\/ul>\n<ul>\n<li>\n<h6>Ost\u00e9ologie, ost\u00e9opathie cr\u00e2nienne<\/h6>\n<\/li>\n<\/ul>\n<ul>\n<li>\n<h6>Endocrinologie<\/h6>\n<\/li>\n<\/ul>\n<ul>\n<li>\n<h6>Embryologie<\/h6>\n<\/li>\n<\/ul>\n<ul>\n<li>\n<h6>Techniques d&#8217;ost\u00e9opathie sensitives et informationnelles selon M.R. POYET<\/h6>\n<\/li>\n<\/ul>\n<ul>\n<li>\n<h6>Cha\u00eenes et clavier sacr\u00e9 selon M.R. POYET<\/h6>\n<\/li>\n<\/ul>\n<ul>\n<li>\n<h6>Pied cr\u00e2nien et main visc\u00e9rale selon P.C. VERNET<\/h6>\n<\/li>\n<\/ul>\n<ul>\n<li>\n<h6>Approche psycho-\u00e9motionnelle et relationnelle<\/h6>\n<\/li>\n<\/ul>\n<ul>\n<li>\n<h6>Ost\u00e9o-p\u00e9diatrie, grossesse, accouchement<\/h6>\n<\/li>\n<\/ul>\n<h6><!-- \/wp:list --><\/h6>\n<h6><!-- wp:paragraph --><\/h6>\n<h6>Dipl\u00f4m\u00e9 depuis 2021, je vous accueille \u00e0 Plouharnel au sein de mon cabinet.<\/h6>\n<p><!-- \/wp:paragraph --><\/p>\t\t\t\t\t\t<\/div>\n\t\t\t\t<\/div>\n\t\t\t\t\t<\/div>\n\t\t<\/div>\n\t\t\t\t<div class=\"elementor-column elementor-col-50 elementor-inner-column elementor-element elementor-element-d0f8378\" data-id=\"d0f8378\" data-element_type=\"column\">\n\t\t\t<div class=\"elementor-widget-wrap elementor-element-populated\">\n\t\t\t\t\t\t\t\t<div class=\"elementor-element elementor-element-7875eb0 elementor-widget elementor-widget-image\" data-id=\"7875eb0\" data-element_type=\"widget\" data-widget_type=\"image.default\">\n\t\t\t\t<div class=\"elementor-widget-container\">\n\t\t\t\t\t\t\t\t\t\t\t\t\t\t\t<img width=\"680\" height=\"1024\" src=\"https:\/\/somatopathie56.com\/wp-content\/uploads\/2021\/09\/Oste\u0301opathie-Nicolas-BRIANT_1-680x1024.jpg\" class=\"attachment-large size-large\" alt=\"\" loading=\"lazy\" srcset=\"https:\/\/somatopathie56.com\/wp-content\/uploads\/2021\/09\/Oste\u0301opathie-Nicolas-BRIANT_1-680x1024.jpg 680w, https:\/\/somatopathie56.com\/wp-content\/uploads\/2021\/09\/Oste\u0301opathie-Nicolas-BRIANT_1-199x300.jpg 199w, https:\/\/somatopathie56.com\/wp-content\/uploads\/2021\/09\/Oste\u0301opathie-Nicolas-BRIANT_1-768x1157.jpg 768w, https:\/\/somatopathie56.com\/wp-content\/uploads\/2021\/09\/Oste\u0301opathie-Nicolas-BRIANT_1-1020x1536.jpg 1020w, https:\/\/somatopathie56.com\/wp-content\/uploads\/2021\/09\/Oste\u0301opathie-Nicolas-BRIANT_1.jpg 1275w\" sizes=\"(max-width: 680px) 100vw, 680px\" \/>\t\t\t\t\t\t\t\t\t\t\t\t\t\t\t<\/div>\n\t\t\t\t<\/div>\n\t\t\t\t\t<\/div>\n\t\t<\/div>\n\t\t\t\t\t\t\t<\/div>\n\t\t<\/section>\n\t\t\t\t\t<\/div>\n\t\t<\/div>\n\t\t\t\t\t\t\t<\/div>\n\t\t<\/section>\n\t\t\t\t\t\t<\/div>\n\t\t\t\t\t<\/div>\n\t\t","protected":false},"excerpt":{"rendered":"<p>Attir\u00e9 par le fait de soigner avec ses mains, j&#8217;ai eu la chance de d\u00e9couvrir la Somatopathie et l&#8217;Ost\u00e9opathie M.R. POYET. J&#8217;ai rencontr\u00e9 une technique extr\u00eamement douce, globale et sans aucune manipulation corporelle. Cette m\u00e9thode int\u00e8gre une dimension \u00e9motionnelle et psychosomatique. D\u00e8s lors, j&#8217;ai suivi une formation compl\u00e8te en 4 ans \u00e0 l&#8217;\u00c9cole de Somatopathie <a class=\"read-more\" href=\"https:\/\/somatopathie56.com\/index.php\/mon-parcours\/\">READ MORE<\/a><\/p>\n","protected":false},"author":1,"featured_media":0,"parent":0,"menu_order":5,"comment_status":"closed","ping_status":"closed","template":"","meta":[],"_links":{"self":[{"href":"https:\/\/somatopathie56.com\/index.php\/wp-json\/wp\/v2\/pages\/115"}],"collection":[{"href":"https:\/\/somatopathie56.com\/index.php\/wp-json\/wp\/v2\/pages"}],"about":[{"href":"https:\/\/somatopathie56.com\/index.php\/wp-json\/wp\/v2\/types\/page"}],"author":[{"embeddable":true,"href":"https:\/\/somatopathie56.com\/index.php\/wp-json\/wp\/v2\/users\/1"}],"replies":[{"embeddable":true,"href":"https:\/\/somatopathie56.com\/index.php\/wp-json\/wp\/v2\/comments?post=115"}],"version-history":[{"count":27,"href":"https:\/\/somatopathie56.com\/index.php\/wp-json\/wp\/v2\/pages\/115\/revisions"}],"predecessor-version":[{"id":370,"href":"https:\/\/somatopathie56.com\/index.php\/wp-json\/wp\/v2\/pages\/115\/revisions\/370"}],"wp:attachment":[{"href":"https:\/\/somatopathie56.com\/index.php\/wp-json\/wp\/v2\/media?parent=115"}],"curies":[{"name":"wp","href":"https:\/\/api.w.org\/{rel}","templated":true}]}}